{"id":805,"date":"2026-02-14T20:14:15","date_gmt":"2026-02-14T19:14:15","guid":{"rendered":"https:\/\/halleyball.com\/spielanleitung\/"},"modified":"2026-03-03T23:14:57","modified_gmt":"2026-03-03T22:14:57","slug":"spielanleitung","status":"publish","type":"page","link":"https:\/\/halleyball.com\/hu\/spielanleitung\/","title":{"rendered":"Hogyan j\u00e1tssz?"},"content":{"rendered":"\t\t<div data-elementor-type=\"wp-page\" data-elementor-id=\"805\" class=\"elementor elementor-805 elementor-24\" data-elementor-post-type=\"page\">\n\t\t\t\t\t\t<section class=\"wd-negative-gap elementor-section elementor-top-section elementor-element elementor-element-20c14b4 elementor-section-full_width elementor-section-stretched elementor-section-height-default elementor-section-height-default\" data-id=\"20c14b4\" data-element_type=\"section\" data-e-type=\"section\" data-settings=\"{&quot;stretch_section&quot;:&quot;section-stretched&quot;,&quot;background_background&quot;:&quot;classic&quot;,&quot;_ha_eqh_enable&quot;:false}\">\n\t\t\t\t\t\t\t<div class=\"elementor-background-overlay\"><\/div>\n\t\t\t\t\t\t\t<div class=\"elementor-container elementor-column-gap-default\">\n\t\t\t\t\t<div class=\"elementor-column elementor-col-100 elementor-top-column elementor-element elementor-element-05f3449\" data-id=\"05f3449\" data-element_type=\"column\" data-e-type=\"column\">\n\t\t\t<div class=\"elementor-widget-wrap elementor-element-populated\">\n\t\t\t\t\t\t<div class=\"elementor-element elementor-element-b6b4125 elementor-widget elementor-widget-heading\" data-id=\"b6b4125\" data-element_type=\"widget\" data-e-type=\"widget\" data-widget_type=\"heading.default\">\n\t\t\t\t\t<h2 class=\"elementor-heading-title elementor-size-default\">Hogyan j\u00e1tssz?<\/h2>\t\t\t\t<\/div>\n\t\t\t\t<div class=\"elementor-element elementor-element-a3423b0 elementor-widget elementor-widget-heading\" data-id=\"a3423b0\" data-element_type=\"widget\" data-e-type=\"widget\" data-widget_type=\"heading.default\">\n\t\t\t\t\t<h2 class=\"elementor-heading-title elementor-size-default\">A HalleyBall Aranyszab\u00e1lya<\/h2>\t\t\t\t<\/div>\n\t\t\t\t<div class=\"elementor-element elementor-element-3534431 text-center color-scheme-inherit elementor-widget elementor-widget-text-editor\" data-id=\"3534431\" data-element_type=\"widget\" data-e-type=\"widget\" data-widget_type=\"text-editor.default\">\n\t\t\t\t\t\t\t\t\tMindig a fark\u00e1n\u00e1l dobd el, \u00e9s csak a fark\u00e1n\u00e1l kapd el! Ha\na labda r\u00e9sz\u00e9t fogod meg, az nem sz\u00e1m\u00edt. \t\t\t\t\t\t\t\t<\/div>\n\t\t\t\t<div class=\"elementor-element elementor-element-d4957ff elementor-widget-divider--separator-type-pattern elementor-widget-divider--bg-round elementor-widget-divider--view-line elementor-widget elementor-widget-divider\" data-id=\"d4957ff\" data-element_type=\"widget\" data-e-type=\"widget\" data-widget_type=\"divider.default\">\n\t\t\t\t\t\t\t<div class=\"elementor-divider\" style=\"--divider-pattern-url: url(&quot;data:image\/svg+xml,%3Csvg xmlns=&#039;http:\/\/www.w3.org\/2000\/svg&#039; preserveAspectRatio=&#039;none&#039; overflow=&#039;visible&#039; height=&#039;100%&#039; viewBox=&#039;0 0 60 30&#039; fill=&#039;black&#039; stroke=&#039;none&#039;%3E%3Crect x=&#039;15&#039; y=&#039;0&#039; width=&#039;30&#039; height=&#039;30&#039;\/%3E%3C\/svg%3E&quot;);\">\n\t\t\t<span class=\"elementor-divider-separator\">\n\t\t\t\t\t\t<\/span>\n\t\t<\/div>\n\t\t\t\t\t\t<\/div>\n\t\t\t\t\t<\/div>\n\t\t<\/div>\n\t\t\t\t\t<\/div>\n\t\t<\/section>\n\t\t\t\t<section class=\"wd-negative-gap elementor-section elementor-top-section elementor-element elementor-element-a2cfe1e elementor-section-full_width elementor-section-stretched animated-slow elementor-section-height-default elementor-section-height-default elementor-invisible\" data-id=\"a2cfe1e\" data-element_type=\"section\" data-e-type=\"section\" data-settings=\"{&quot;stretch_section&quot;:&quot;section-stretched&quot;,&quot;animation&quot;:&quot;fadeIn&quot;,&quot;_ha_eqh_enable&quot;:false}\">\n\t\t\t\t\t\t<div class=\"elementor-container elementor-column-gap-default\">\n\t\t\t\t\t<div class=\"elementor-column elementor-col-33 elementor-top-column elementor-element elementor-element-f88f076\" data-id=\"f88f076\" data-element_type=\"column\" data-e-type=\"column\">\n\t\t\t<div class=\"elementor-widget-wrap elementor-element-populated\">\n\t\t\t\t\t\t<div class=\"elementor-element elementor-element-4ef6327 elementor-widget elementor-widget-image\" data-id=\"4ef6327\" data-element_type=\"widget\" data-e-type=\"widget\" data-widget_type=\"image.default\">\n\t\t\t\t\t\t\t\t\t\t\t\t\t\t\t<img loading=\"lazy\" decoding=\"async\" width=\"600\" height=\"400\" src=\"https:\/\/halleyball.com\/wp-content\/uploads\/2026\/02\/Untitled-design-1.jpg\" class=\"attachment-full size-full wp-image-808\" alt=\"\" srcset=\"https:\/\/halleyball.com\/wp-content\/uploads\/2026\/02\/Untitled-design-1.jpg 600w, https:\/\/halleyball.com\/wp-content\/uploads\/2026\/02\/Untitled-design-1-300x200.jpg 300w, https:\/\/halleyball.com\/wp-content\/uploads\/2026\/02\/Untitled-design-1-150x100.jpg 150w\" sizes=\"auto, (max-width: 600px) 100vw, 600px\" \/>\t\t\t\t\t\t\t\t\t\t\t\t\t\t\t<\/div>\n\t\t\t\t<div class=\"elementor-element elementor-element-39f10c4 elementor-widget elementor-widget-heading\" data-id=\"39f10c4\" data-element_type=\"widget\" data-e-type=\"widget\" data-widget_type=\"heading.default\">\n\t\t\t\t\t<h2 class=\"elementor-heading-title elementor-size-default\">Klasszikus passzol\u00e1s<\/h2>\t\t\t\t<\/div>\n\t\t\t\t<div class=\"elementor-element elementor-element-2c56876 elementor-widget elementor-widget-heading\" data-id=\"2c56876\" data-element_type=\"widget\" data-e-type=\"widget\" data-widget_type=\"heading.default\">\n\t\t\t\t\t<h2 class=\"elementor-heading-title elementor-size-default\">2+ j\u00e1t\u00e9kos<\/h2>\t\t\t\t<\/div>\n\t\t\t\t<div class=\"elementor-element elementor-element-84d4e4c text-center color-scheme-inherit elementor-widget elementor-widget-text-editor\" data-id=\"84d4e4c\" data-element_type=\"widget\" data-e-type=\"widget\" data-widget_type=\"text-editor.default\">\n\t\t\t\t\t\t\t\t\t<p>A c\u00e9l egyszer\u0171: tartsd a labd\u00e1t a leveg\u0151ben, ameddig csak lehet, an\u00e9lk\u00fcl, hogy leejten\u00e9d. Kezdj\u00e9tek k\u00f6zelr\u0151l, majd n\u00f6velj\u00e9tek a t\u00e1vols\u00e1got. Ide\u00e1lis bemeleg\u00edt\u00e9shez.  <\/p>\t\t\t\t\t\t\t\t<\/div>\n\t\t\t\t\t<\/div>\n\t\t<\/div>\n\t\t\t\t<div class=\"elementor-column elementor-col-33 elementor-top-column elementor-element elementor-element-eef7a16\" data-id=\"eef7a16\" data-element_type=\"column\" data-e-type=\"column\">\n\t\t\t<div class=\"elementor-widget-wrap elementor-element-populated\">\n\t\t\t\t\t\t<div class=\"elementor-element elementor-element-a02a7c8 elementor-widget elementor-widget-image\" data-id=\"a02a7c8\" data-element_type=\"widget\" data-e-type=\"widget\" data-widget_type=\"image.default\">\n\t\t\t\t\t\t\t\t\t\t\t\t\t\t\t<img loading=\"lazy\" decoding=\"async\" width=\"600\" height=\"400\" src=\"https:\/\/halleyball.com\/wp-content\/uploads\/2026\/02\/Untitled-design-2.jpg\" class=\"attachment-full size-full wp-image-807\" alt=\"\" srcset=\"https:\/\/halleyball.com\/wp-content\/uploads\/2026\/02\/Untitled-design-2.jpg 600w, https:\/\/halleyball.com\/wp-content\/uploads\/2026\/02\/Untitled-design-2-300x200.jpg 300w, https:\/\/halleyball.com\/wp-content\/uploads\/2026\/02\/Untitled-design-2-150x100.jpg 150w\" sizes=\"auto, (max-width: 600px) 100vw, 600px\" \/>\t\t\t\t\t\t\t\t\t\t\t\t\t\t\t<\/div>\n\t\t\t\t<div class=\"elementor-element elementor-element-ed14200 elementor-widget elementor-widget-heading\" data-id=\"ed14200\" data-element_type=\"widget\" data-e-type=\"widget\" data-widget_type=\"heading.default\">\n\t\t\t\t\t<h2 class=\"elementor-heading-title elementor-size-default\">Kies\u00e9ses j\u00e1t\u00e9k (K\u00f6rj\u00e1t\u00e9k)<\/h2>\t\t\t\t<\/div>\n\t\t\t\t<div class=\"elementor-element elementor-element-53a6559 elementor-widget elementor-widget-heading\" data-id=\"53a6559\" data-element_type=\"widget\" data-e-type=\"widget\" data-widget_type=\"heading.default\">\n\t\t\t\t\t<h2 class=\"elementor-heading-title elementor-size-default\">3+ j\u00e1t\u00e9kos<\/h2>\t\t\t\t<\/div>\n\t\t\t\t<div class=\"elementor-element elementor-element-d72d3b0 elementor-widget elementor-widget-wd_text_block\" data-id=\"d72d3b0\" data-element_type=\"widget\" data-e-type=\"widget\" data-widget_type=\"wd_text_block.default\">\n\t\t\t\t<div class=\"elementor-widget-container\">\n\t\t\t\t\t\t\t<div class=\"wd-text-block reset-last-child text-left\">\n\t\t\t\n\t\t\t<p>Ez a legizgalmasabb csoportos m\u00f3d!<\/p><ul><li>\u00c1lljatok k\u00f6rbe. A dob\u00f3 kimondja a c\u00e9lpont nev\u00e9t (pl. \u201eAnna!\u201d), \u00e9s eldobja a labd\u00e1t. <\/li><\/ul><ul><li>A dob\u00e1snak kb. 3 m\u00e9teres k\u00f6rzetben kell landolnia a c\u00e9lpontt\u00f3l. Ha a dob\u00e1s rossz, a dob\u00f3 b\u00fcntet\u0151pontot kap \u00e9s\/vagy kiesik.  <\/li><\/ul><ul><li>Ha a dob\u00e1s j\u00f3 (hat\u00f3t\u00e1vols\u00e1gon bel\u00fcl van), de a fogad\u00f3 j\u00e1t\u00e9kos nem tudja a fark\u00e1n\u00e1l elkapni (vagy a labda r\u00e9sz\u00e9t fogja meg), a fogad\u00f3 b\u00fcntet\u0151pontot kap \u00e9s\/vagy kiesik.<\/li><li><p>A gy\u0151ztes az utols\u00f3 j\u00e1t\u00e9kos, aki bent marad.<\/p><\/li><\/ul>\n\t\t\t\t\t<\/div>\n\t\t\t\t\t\t<\/div>\n\t\t\t\t<\/div>\n\t\t\t\t\t<\/div>\n\t\t<\/div>\n\t\t\t\t<div class=\"elementor-column elementor-col-33 elementor-top-column elementor-element elementor-element-76aa83a\" data-id=\"76aa83a\" data-element_type=\"column\" data-e-type=\"column\">\n\t\t\t<div class=\"elementor-widget-wrap elementor-element-populated\">\n\t\t\t\t\t\t<div class=\"elementor-element elementor-element-eae5753 elementor-widget elementor-widget-image\" data-id=\"eae5753\" data-element_type=\"widget\" data-e-type=\"widget\" data-widget_type=\"image.default\">\n\t\t\t\t\t\t\t\t\t\t\t\t\t\t\t<img loading=\"lazy\" decoding=\"async\" width=\"600\" height=\"400\" src=\"https:\/\/halleyball.com\/wp-content\/uploads\/2026\/02\/Untitled-design-3.jpg\" class=\"attachment-full size-full wp-image-806\" alt=\"\" srcset=\"https:\/\/halleyball.com\/wp-content\/uploads\/2026\/02\/Untitled-design-3.jpg 600w, https:\/\/halleyball.com\/wp-content\/uploads\/2026\/02\/Untitled-design-3-300x200.jpg 300w, https:\/\/halleyball.com\/wp-content\/uploads\/2026\/02\/Untitled-design-3-150x100.jpg 150w\" sizes=\"auto, (max-width: 600px) 100vw, 600px\" \/>\t\t\t\t\t\t\t\t\t\t\t\t\t\t\t<\/div>\n\t\t\t\t<div class=\"elementor-element elementor-element-68eb58a elementor-widget elementor-widget-heading\" data-id=\"68eb58a\" data-element_type=\"widget\" data-e-type=\"widget\" data-widget_type=\"heading.default\">\n\t\t\t\t\t<h2 class=\"elementor-heading-title elementor-size-default\">Forr\u00f3 labda j\u00e1t\u00e9k<\/h2>\t\t\t\t<\/div>\n\t\t\t\t<div class=\"elementor-element elementor-element-48592c8 elementor-widget elementor-widget-heading\" data-id=\"48592c8\" data-element_type=\"widget\" data-e-type=\"widget\" data-widget_type=\"heading.default\">\n\t\t\t\t\t<h2 class=\"elementor-heading-title elementor-size-default\">4+ j\u00e1t\u00e9kos<\/h2>\t\t\t\t<\/div>\n\t\t\t\t<div class=\"elementor-element elementor-element-88891a3 elementor-widget elementor-widget-wd_text_block\" data-id=\"88891a3\" data-element_type=\"widget\" data-e-type=\"widget\" data-widget_type=\"wd_text_block.default\">\n\t\t\t\t<div class=\"elementor-widget-container\">\n\t\t\t\t\t\t\t<div class=\"wd-text-block reset-last-child text-left\">\n\t\t\t\n\t\t\t<p>A sebess\u00e9g a kulcs. Amint elkapod, azonnal dobnod kell, maximum f\u00e9l fordulat alatt. Aki t\u00fal sok\u00e1ig tartja a labd\u00e1t, b\u00fcntet\u0151pontot kap.  <\/p><p><b>Pro tippek a jobb j\u00e1t\u00e9khoz: <\/b><\/p><ul><li><b>C\u00e9lz\u00e1s: <\/b>A pontosabb c\u00e9lz\u00e1s \u00e9rdek\u00e9ben \u00e1llj mer\u0151legesen a c\u00e9lpontra, \u00e9s p\u00f6rgesd a labd\u00e1t magad el\u0151tt.<\/li><li><b>Fog\u00e1s: <\/b>A k\u00e9nyelmes dob\u00e1shoz a farok m\u00e1sodik sz\u00ednes r\u00e9sz\u00e9n\u00e9l fogd meg.<\/li><li><b>Ir\u00e1ny: <\/b>P\u00f6rgesd az \u00f3ramutat\u00f3 j\u00e1r\u00e1s\u00e1val megegyez\u0151en<\/li><\/ul>\n\t\t\t\t\t<\/div>\n\t\t\t\t\t\t<\/div>\n\t\t\t\t<\/div>\n\t\t\t\t\t<\/div>\n\t\t<\/div>\n\t\t\t\t\t<\/div>\n\t\t<\/section>\n\t\t\t\t<\/div>\n\t\t","protected":false},"excerpt":{"rendered":"<p>Hogyan j\u00e1tssz? A HalleyBall Aranyszab\u00e1lya Mindig a fark\u00e1n\u00e1l dobd el, \u00e9s csak a fark\u00e1n\u00e1l kapd el! Ha a labda r\u00e9sz\u00e9t<\/p>\n","protected":false},"author":3,"featured_media":0,"parent":0,"menu_order":0,"comment_status":"closed","ping_status":"closed","template":"","meta":{"footnotes":""},"class_list":["post-805","page","type-page","status-publish","hentry"],"_links":{"self":[{"href":"https:\/\/halleyball.com\/hu\/wp-json\/wp\/v2\/pages\/805","targetHints":{"allow":["GET"]}}],"collection":[{"href":"https:\/\/halleyball.com\/hu\/wp-json\/wp\/v2\/pages"}],"about":[{"href":"https:\/\/halleyball.com\/hu\/wp-json\/wp\/v2\/types\/page"}],"author":[{"embeddable":true,"href":"https:\/\/halleyball.com\/hu\/wp-json\/wp\/v2\/users\/3"}],"replies":[{"embeddable":true,"href":"https:\/\/halleyball.com\/hu\/wp-json\/wp\/v2\/comments?post=805"}],"version-history":[{"count":9,"href":"https:\/\/halleyball.com\/hu\/wp-json\/wp\/v2\/pages\/805\/revisions"}],"predecessor-version":[{"id":1189,"href":"https:\/\/halleyball.com\/hu\/wp-json\/wp\/v2\/pages\/805\/revisions\/1189"}],"wp:attachment":[{"href":"https:\/\/halleyball.com\/hu\/wp-json\/wp\/v2\/media?parent=805"}],"curies":[{"name":"wp","href":"https:\/\/api.w.org\/{rel}","templated":true}]}}