{"id":878,"date":"2026-02-14T20:13:31","date_gmt":"2026-02-14T19:13:31","guid":{"rendered":"https:\/\/halleyball.com\/rucksendungen\/"},"modified":"2026-03-03T23:16:23","modified_gmt":"2026-03-03T22:16:23","slug":"rucksendungen","status":"publish","type":"page","link":"https:\/\/halleyball.com\/hu\/rucksendungen\/","title":{"rendered":"Visszak\u00fcld\u00e9s"},"content":{"rendered":"\t\t<div data-elementor-type=\"wp-page\" data-elementor-id=\"878\" class=\"elementor elementor-878 elementor-20\" data-elementor-post-type=\"page\">\n\t\t\t\t<div class=\"elementor-element elementor-element-30d6910 e-con-full wd-section-stretch e-flex e-con e-parent\" data-id=\"30d6910\" data-element_type=\"container\" data-e-type=\"container\" data-settings=\"{&quot;_ha_eqh_enable&quot;:false}\">\n\t\t\t\t<div class=\"elementor-element elementor-element-ea6ca32 elementor-widget elementor-widget-heading\" data-id=\"ea6ca32\" data-element_type=\"widget\" data-e-type=\"widget\" data-widget_type=\"heading.default\">\n\t\t\t\t\t<h2 class=\"elementor-heading-title elementor-size-default\">Visszak\u00fcld\u00e9si szab\u00e1lyzat<\/h2>\t\t\t\t<\/div>\n\t\t\t\t<div class=\"elementor-element elementor-element-8bdf7c1 elementor-widget elementor-widget-wd_text_block\" data-id=\"8bdf7c1\" data-element_type=\"widget\" data-e-type=\"widget\" data-widget_type=\"wd_text_block.default\">\n\t\t\t\t<div class=\"elementor-widget-container\">\n\t\t\t\t\t\t\t<div class=\"wd-text-block reset-last-child text-left\">\n\t\t\t\n\t\t\t<p data-path-to-node=\"4\"><b data-path-to-node=\"4\" data-index-in-node=\"0\">Hat\u00e1lybal\u00e9p\u00e9s d\u00e1tuma: 2026. febru\u00e1r<\/b><\/p><p data-path-to-node=\"5\">A HalleyBalln\u00e1l azt szeretn\u00e9nk, hogy im\u00e1dd a term\u00e9keinkkel kapcsolatos \u00e9lm\u00e9nyedet. Ha nem vagy teljesen el\u00e9gedett, a visszak\u00fcld\u00e9si folyamatunkat a lehet\u0151 legegyszer\u0171bb\u00e9 \u00e9s legm\u00e9lt\u00e1nyosabb\u00e1 tett\u00fck. <\/p><h4 data-path-to-node=\"6\"><b data-path-to-node=\"6\" data-index-in-node=\"0\">1. 14 napos visszak\u00fcld\u00e9si id\u0151szak<\/b><\/h4><p data-path-to-node=\"7\">A rendel\u00e9sed k\u00e9zhezv\u00e9tel\u00e9t\u0151l sz\u00e1m\u00edtott <b data-path-to-node=\"7\" data-index-in-node=\"32\">14 napon bel\u00fcl<\/b> k\u00e9rhetsz visszak\u00fcld\u00e9st. Szeretn\u00e9nk, ha kipr\u00f3b\u00e1ln\u00e1d a HalleyBallt, ez\u00e9rt elfogadjuk a visszak\u00fcld\u00e9st, f\u00fcggetlen\u00fcl att\u00f3l, hogy a term\u00e9k <b data-path-to-node=\"7\" data-index-in-node=\"157\">bontatlan vagy m\u00e1r kinyitott<\/b>. <\/p><h4 data-path-to-node=\"8\"><b data-path-to-node=\"8\" data-index-in-node=\"0\">2. Hogyan kezdem\u00e9nyezz visszak\u00fcld\u00e9st<\/b><\/h4><p data-path-to-node=\"9\">A visszak\u00fcld\u00e9s megkezd\u00e9s\u00e9hez egyszer\u0171en k\u00fcldj egy e-mailt az <b data-path-to-node=\"9\" data-index-in-node=\"43\">info kukac halleyball pont com<\/b> c\u00edmre a rendel\u00e9si sz\u00e1moddal. Hogy k\u00f6nnyebben azonos\u00edthassuk a csomagodat, k\u00e9rj\u00fck, helyezz egy kis cetlit a visszak\u00fcld\u00f6tt dobozba a <b data-path-to-node=\"9\" data-index-in-node=\"181\">neveddel \u00e9s e-mail c\u00edmeddel<\/b>. <\/p><h4 data-path-to-node=\"10\"><b data-path-to-node=\"10\" data-index-in-node=\"0\">3. Visszak\u00fcld\u00e9si sz\u00e1ll\u00edt\u00e1si k\u00f6lts\u00e9gek<\/b><\/h4><p data-path-to-node=\"11\">Mivel egy kis m\u00e1rka vagyunk, amely elk\u00f6telezett amellett, hogy mindenki sz\u00e1m\u00e1ra tisztess\u00e9ges \u00e1rat tartson fenn, <b data-path-to-node=\"11\" data-index-in-node=\"75\">a visszak\u00fcld\u00e9si sz\u00e1ll\u00edt\u00e1si k\u00f6lts\u00e9gek a v\u00e1s\u00e1rl\u00f3 felel\u0151ss\u00e9ge<\/b>. Javasoljuk, hogy haszn\u00e1lj megb\u00edzhat\u00f3 helyi postai szolg\u00e1ltat\u00e1st.<\/p><h4 data-path-to-node=\"12\"><b data-path-to-node=\"12\" data-index-in-node=\"0\">4. Visszat\u00e9r\u00edt\u00e9sek<\/b><\/h4><p data-path-to-node=\"13\">Amint megkapjuk a visszak\u00fcld\u00f6tt term\u00e9ket, <b data-path-to-node=\"13\" data-index-in-node=\"102\">7\u201310 munkanapon bel\u00fcl<\/b> feldolgozzuk a visszat\u00e9r\u00edt\u00e9st az eredeti fizet\u00e9si m\u00f3dra.<\/p><ul data-path-to-node=\"14\"><li><p data-path-to-node=\"14,0,0\">K\u00e9rj\u00fck, vedd figyelembe, hogy a v\u00e1s\u00e1rl\u00e1skor fizetett eredeti sz\u00e1ll\u00edt\u00e1si d\u00edjak nem t\u00e9r\u00edthet\u0151k vissza.<\/p><\/li><\/ul><h4 data-path-to-node=\"15\"><b data-path-to-node=\"15\" data-index-in-node=\"0\">5. Hib\u00e1s vagy helytelen term\u00e9kek<\/b><\/h4><p data-path-to-node=\"16\">Abban a val\u00f3sz\u00edn\u0171tlen esetben, ha a HalleyBalled s\u00e9r\u00fclten \u00e9rkezik, vagy rossz term\u00e9ket kapsz, k\u00e9rj\u00fck, azonnal l\u00e9pj kapcsolatba vel\u00fcnk az <b data-path-to-node=\"16\" data-index-in-node=\"123\">info kukac halleyball pont com<\/b> c\u00edmen f\u00e9nyk\u00e9pes bizony\u00edt\u00e9kkal. Ilyen esetekben mi \u00e1llunk a k\u00f6lts\u00e9geket, hogy rendbe hozzuk a dolgot. <\/p><h4 data-path-to-node=\"17\"><b data-path-to-node=\"17\" data-index-in-node=\"0\">6. Csere<\/b><\/h4><p data-path-to-node=\"18\">Nem k\u00edn\u00e1lunk k\u00f6zvetlen cser\u00e9t. Ha m\u00e1sik verzi\u00f3t vagy sz\u00ednt szeretn\u00e9l, k\u00e9rj\u00fck, k\u00fcldd vissza az eredeti term\u00e9ket visszat\u00e9r\u00edt\u00e9s\u00e9rt, \u00e9s adj le \u00faj rendel\u00e9st a weboldalunkon. <\/p><h4 data-path-to-node=\"19\"><b data-path-to-node=\"19\" data-index-in-node=\"0\">7. L\u00e9pj kapcsolatba vel\u00fcnk<\/b><\/h4><p data-path-to-node=\"20\">A visszak\u00fcld\u00e9ssel kapcsolatos b\u00e1rmilyen k\u00e9rd\u00e9sben csapatunk rendelkez\u00e9sedre \u00e1ll: <b data-path-to-node=\"20\" data-index-in-node=\"67\">info kukac halleyball pont com<\/b><\/p>\n\t\t\t\t\t<\/div>\n\t\t\t\t\t\t<\/div>\n\t\t\t\t<\/div>\n\t\t\t\t<\/div>\n\t\t\t\t<\/div>\n\t\t","protected":false},"excerpt":{"rendered":"<p>Visszak\u00fcld\u00e9si szab\u00e1lyzat Hat\u00e1lybal\u00e9p\u00e9s d\u00e1tuma: 2026. febru\u00e1r A HalleyBalln\u00e1l azt szeretn\u00e9nk, hogy im\u00e1dd a term\u00e9keinkkel kapcsolatos \u00e9lm\u00e9nyedet. Ha nem vagy teljesen<\/p>\n","protected":false},"author":3,"featured_media":0,"parent":0,"menu_order":0,"comment_status":"closed","ping_status":"closed","template":"","meta":{"footnotes":""},"class_list":["post-878","page","type-page","status-publish","hentry"],"_links":{"self":[{"href":"https:\/\/halleyball.com\/hu\/wp-json\/wp\/v2\/pages\/878","targetHints":{"allow":["GET"]}}],"collection":[{"href":"https:\/\/halleyball.com\/hu\/wp-json\/wp\/v2\/pages"}],"about":[{"href":"https:\/\/halleyball.com\/hu\/wp-json\/wp\/v2\/types\/page"}],"author":[{"embeddable":true,"href":"https:\/\/halleyball.com\/hu\/wp-json\/wp\/v2\/users\/3"}],"replies":[{"embeddable":true,"href":"https:\/\/halleyball.com\/hu\/wp-json\/wp\/v2\/comments?post=878"}],"version-history":[{"count":9,"href":"https:\/\/halleyball.com\/hu\/wp-json\/wp\/v2\/pages\/878\/revisions"}],"predecessor-version":[{"id":1200,"href":"https:\/\/halleyball.com\/hu\/wp-json\/wp\/v2\/pages\/878\/revisions\/1200"}],"wp:attachment":[{"href":"https:\/\/halleyball.com\/hu\/wp-json\/wp\/v2\/media?parent=878"}],"curies":[{"name":"wp","href":"https:\/\/api.w.org\/{rel}","templated":true}]}}