{"id":891,"date":"2026-02-14T20:13:25","date_gmt":"2026-02-14T19:13:25","guid":{"rendered":"https:\/\/halleyball.com\/versand\/"},"modified":"2026-03-21T15:50:40","modified_gmt":"2026-03-21T14:50:40","slug":"versand","status":"publish","type":"page","link":"https:\/\/halleyball.com\/hu\/versand\/","title":{"rendered":"Sz\u00e1ll\u00edt\u00e1s"},"content":{"rendered":"\t\t<div data-elementor-type=\"wp-page\" data-elementor-id=\"891\" class=\"elementor elementor-891 elementor-19\" data-elementor-post-type=\"page\">\n\t\t\t\t<div class=\"elementor-element elementor-element-fe17d91 e-con-full wd-section-stretch e-flex e-con e-parent\" data-id=\"fe17d91\" data-element_type=\"container\" data-e-type=\"container\" data-settings=\"{&quot;_ha_eqh_enable&quot;:false}\">\n\t\t\t\t<div class=\"elementor-element elementor-element-62324a7 elementor-widget elementor-widget-heading\" data-id=\"62324a7\" data-element_type=\"widget\" data-e-type=\"widget\" data-widget_type=\"heading.default\">\n\t\t\t\t\t<h2 class=\"elementor-heading-title elementor-size-default\">Sz\u00e1ll\u00edt\u00e1si szab\u00e1lyzat<\/h2>\t\t\t\t<\/div>\n\t\t\t\t<div class=\"elementor-element elementor-element-3bf02ca elementor-widget elementor-widget-wd_text_block\" data-id=\"3bf02ca\" data-element_type=\"widget\" data-e-type=\"widget\" data-widget_type=\"wd_text_block.default\">\n\t\t\t\t<div class=\"elementor-widget-container\">\n\t\t\t\t\t\t\t<div class=\"wd-text-block reset-last-child text-left\">\n\t\t\t\n\t\t\t<p data-path-to-node=\"4\"><b data-path-to-node=\"4\" data-index-in-node=\"0\">Hat\u00e1lybal\u00e9p\u00e9s d\u00e1tuma: 2026. febru\u00e1r<\/b><\/p><p data-path-to-node=\"5\">Ez a Sz\u00e1ll\u00edt\u00e1si Szab\u00e1lyzat r\u00e9szletezi a(z) <b data-path-to-node=\"5\" data-index-in-node=\"119\">halleyball.com<\/b> (a \u201eWeboldal\u201d) webhelyr\u0151l v\u00e1s\u00e1rolt term\u00e9kek sz\u00e1ll\u00edt\u00e1s\u00e1val \u00e9s k\u00e9zbes\u00edt\u00e9s\u00e9vel kapcsolatos felt\u00e9teleket. Rendel\u00e9s lead\u00e1s\u00e1val elfogadod az al\u00e1bbi felt\u00e9teleket.<\/p><h4 data-path-to-node=\"6\"><b data-path-to-node=\"6\" data-index-in-node=\"0\">1. Sz\u00e1ll\u00edt\u00e1si el\u00e9rhet\u0151s\u00e9g<\/b><\/h4><p data-path-to-node=\"7\">A HalleyBall jelenleg <strong>azon eur\u00f3pai c\u00e9lorsz\u00e1gokon bel\u00fcl sz\u00e1ll\u00edt, amelyek a p\u00e9nzt\u00e1rn\u00e1l kiv\u00e1laszthat\u00f3k<\/strong>. Ezeken a r\u00e9gi\u00f3kon k\u00edv\u00fcl jelenleg nem k\u00edn\u00e1lunk nemzetk\u00f6zi sz\u00e1ll\u00edt\u00e1st. Az ezeken az orsz\u00e1gokon k\u00edv\u00fcli sz\u00e1ll\u00edt\u00e1si c\u00edmmel leadott megrendel\u00e9seket t\u00f6r\u00f6lj\u00fck \u00e9s visszat\u00e9r\u00edtj\u00fck.<\/p><h4 data-path-to-node=\"8\"><b data-path-to-node=\"8\" data-index-in-node=\"0\">2. Megrendel\u00e9s feldolgoz\u00e1sa \u00e9s felad\u00e1sa<\/b><\/h4><p data-path-to-node=\"9\">Minden megrendel\u00e9st a teljes fizet\u00e9s visszaigazol\u00e1sa ut\u00e1n dolgozunk fel. <strong>Minden megrendel\u00e9st a teljes fizet\u00e9s visszaigazol\u00e1sa ut\u00e1n dolgozunk fel, jellemz\u0151en 1\u20133 munkanapon bel\u00fcl.\u00a0<\/strong>A munkanapok nem tartalmazz\u00e1k a h\u00e9tv\u00e9g\u00e9ket \u00e9s az \u00fcnnepnapokat. Nagy kereslet idej\u00e9n minden \u00e9sszer\u0171 er\u0151fesz\u00edt\u00e9st megtesz\u00fcnk, hogy t\u00e1j\u00e9koztassuk v\u00e1s\u00e1rl\u00f3inkat b\u00e1rmilyen jelent\u0151s k\u00e9sedelemr\u0151l.<\/p><h4 data-path-to-node=\"10\"><b data-path-to-node=\"10\" data-index-in-node=\"0\">3. Sz\u00e1ll\u00edt\u00e1si m\u00f3dok \u00e9s nyomon k\u00f6vet\u00e9s<\/b><\/h4><p data-path-to-node=\"11\">Megb\u00edzhat\u00f3 fut\u00e1r- \u00e9s postai szolg\u00e1ltat\u00f3kkal dolgozunk egy\u00fctt a k\u00e9zbes\u00edt\u00e9s biztos\u00edt\u00e1sa \u00e9rdek\u00e9ben.<\/p><ul data-path-to-node=\"12\"><li><p data-path-to-node=\"12,0,0\"><b data-path-to-node=\"12,0,0\" data-index-in-node=\"0\">Nyomon k\u00f6vet\u00e9si szab\u00e1lyzat:<\/b> A c\u00e9lorsz\u00e1g sz\u00e1ll\u00edt\u00e1si szolg\u00e1ltat\u00f3j\u00e1nak <b data-path-to-node=\"12,0,0\" data-index-in-node=\"31\">helyi nyomon k\u00f6vet\u00e9si gyakorlat\u00e1t<\/b> k\u00f6vetj\u00fck.<\/p><\/li><li><p data-path-to-node=\"12,1,0\">Ha az orsz\u00e1godban a fuvaroz\u00f3 nyomon k\u00f6vet\u00e9si inform\u00e1ci\u00f3t biztos\u00edt a k\u00fcldem\u00e9nyedhez, azt automatikusan e-mailben k\u00fcldj\u00fck el, amint a megrendel\u00e9st feladtuk.<\/p><\/li><li><p data-path-to-node=\"12,2,0\">A v\u00e1s\u00e1rl\u00f3 felel\u0151ss\u00e9ge a nyomon k\u00f6vet\u00e9si inform\u00e1ci\u00f3k figyelemmel k\u00eds\u00e9r\u00e9se (ahol el\u00e9rhet\u0151) \u00e9s a k\u00e9zbes\u00edt\u00e9skor val\u00f3 el\u00e9rhet\u0151s\u00e9g biztos\u00edt\u00e1sa.<\/p><\/li><\/ul><h4 data-path-to-node=\"13\"><b data-path-to-node=\"13\" data-index-in-node=\"0\">4. K\u00e9zbes\u00edt\u00e9si hat\u00e1rid\u0151k<\/b><\/h4><p data-path-to-node=\"14\">A becs\u00fclt k\u00e9zbes\u00edt\u00e9si id\u0151 \u00e1ltal\u00e1ban <b data-path-to-node=\"14\" data-index-in-node=\"49\">3\u20137 munkanap<\/b> a felad\u00e1st k\u00f6vet\u0151en, a c\u00e9lorsz\u00e1gt\u00f3l f\u00fcgg\u0151en. K\u00e9rj\u00fck, vedd figyelembe, hogy a k\u00e9zbes\u00edt\u00e9si hat\u00e1rid\u0151k csak becsl\u00e9sek, \u00e9s nem garant\u00e1ltak. A HalleyBall nem v\u00e1llal felel\u0151ss\u00e9get a rajtunk k\u00edv\u00fcl \u00e1ll\u00f3 k\u00f6r\u00fclm\u00e9nyek \u00e1ltal okozott k\u00e9s\u00e9sek\u00e9rt, bele\u00e9rtve a fut\u00e1rszolg\u00e1lati fennakad\u00e1sokat, s\u00falyos id\u0151j\u00e1r\u00e1si viszonyokat vagy sz\u00e1ll\u00edt\u00e1si probl\u00e9m\u00e1kat.<\/p><h4 data-path-to-node=\"15\"><b data-path-to-node=\"15\" data-index-in-node=\"0\">5. Sz\u00e1ll\u00edt\u00e1si k\u00f6lts\u00e9gek<\/b><\/h4><p data-path-to-node=\"16\">A sz\u00e1ll\u00edt\u00e1si k\u00f6lts\u00e9geket a p\u00e9nzt\u00e1rn\u00e1l sz\u00e1m\u00edtjuk ki \u00e9s jelen\u00edtj\u00fck meg a k\u00e9zbes\u00edt\u00e9si hely alapj\u00e1n. Fenntartjuk a jogot a sz\u00e1ll\u00edt\u00e1si d\u00edjak b\u00e1rmikori m\u00f3dos\u00edt\u00e1s\u00e1ra, de a v\u00e1ltoz\u00e1sok nem \u00e9rintik a m\u00e1r visszaigazolt megrendel\u00e9seket.<\/p><h4 data-path-to-node=\"17\"><b data-path-to-node=\"17\" data-index-in-node=\"0\">6. Helytelen vagy hi\u00e1nyos c\u00edmadatok<\/b><\/h4><p data-path-to-node=\"18\">A v\u00e1s\u00e1rl\u00f3k felel\u0151sek a pontos \u00e9s teljes sz\u00e1ll\u00edt\u00e1si adatok megad\u00e1s\u00e1\u00e9rt a v\u00e1s\u00e1rl\u00e1skor. A HalleyBall nem felel\u0151s a helytelen c\u00edmadatok miatti sikertelen k\u00e9zbes\u00edt\u00e9sek\u00e9rt vagy tov\u00e1bbi k\u00f6lts\u00e9gek\u00e9rt. Ha egy csomag helytelen adatok, a k\u00e9zbes\u00edt\u00e9s visszautas\u00edt\u00e1sa vagy az \u00e1tv\u00e9tel elmulaszt\u00e1sa miatt vissza\u00e9rkezik hozz\u00e1nk, fenntartjuk a jogot, hogy tov\u00e1bbi sz\u00e1ll\u00edt\u00e1si d\u00edjat sz\u00e1m\u00edtsunk fel az \u00fajrak\u00fcld\u00e9s\u00e9rt.<\/p><h4 data-path-to-node=\"19\"><b data-path-to-node=\"19\" data-index-in-node=\"0\">7. Elveszett vagy s\u00e9r\u00fclt k\u00fcldem\u00e9nyek<\/b><\/h4><p data-path-to-node=\"20\">Ha a megrendel\u00e9sed s\u00e9r\u00fclten \u00e9rkezik meg, vagy 10 munkanapon bel\u00fcl nem \u00e9rkezik meg, k\u00e9rj\u00fck, vedd fel vel\u00fcnk a kapcsolatot a lehet\u0151 leghamarabb az <b data-path-to-node=\"20\" data-index-in-node=\"95\">info kukac halleyball pont com<\/b> c\u00edmen.<\/p><ul data-path-to-node=\"21\"><li><p data-path-to-node=\"21,0,0\">A s\u00e9r\u00fclt term\u00e9kekkel kapcsolatos reklam\u00e1ci\u00f3khoz f\u00e9nyk\u00e9pes bizony\u00edt\u00e9k sz\u00fcks\u00e9ges a csomagol\u00e1sr\u00f3l \u00e9s a term\u00e9kr\u0151l.<\/p><\/li><li><p data-path-to-node=\"21,1,0\">A fuvaroz\u00f3val egy\u00fcttm\u0171k\u00f6dve kivizsg\u00e1ljuk az \u00fcgyet \u00e9s meghat\u00e1rozzuk a megfelel\u0151 megold\u00e1st.<\/p><\/li><\/ul><h4 data-path-to-node=\"22\"><b data-path-to-node=\"22\" data-index-in-node=\"0\">8. Vesztes\u00e9g kock\u00e1zata<\/b><\/h4><p data-path-to-node=\"23\">A term\u00e9kek vesztes\u00e9g\u00e9nek kock\u00e1zata \u00e9s tulajdonjoga a megrendel\u00e9s fuvaroz\u00f3nak t\u00f6rt\u00e9n\u0151 \u00e1tad\u00e1sakor sz\u00e1ll \u00e1t a v\u00e1s\u00e1rl\u00f3ra, kiv\u00e9ve, ha az alkalmazand\u00f3 jogszab\u00e1lyok m\u00e1sk\u00e9nt rendelkeznek.<\/p><h4 data-path-to-node=\"24\"><b data-path-to-node=\"24\" data-index-in-node=\"0\">9. Kapcsolattart\u00e1si adatok<\/b><\/h4><p data-path-to-node=\"25\">Ha k\u00e9rd\u00e9sed van ezzel a sz\u00e1ll\u00edt\u00e1si szab\u00e1lyzattal vagy megrendel\u00e9sed \u00e1llapot\u00e1val kapcsolatban, k\u00e9rj\u00fck, vedd fel vel\u00fcnk a kapcsolatot: <b data-path-to-node=\"25\" data-index-in-node=\"102\">info kukac halleyball pont com<\/b><\/p>\n\t\t\t\t\t<\/div>\n\t\t\t\t\t\t<\/div>\n\t\t\t\t<\/div>\n\t\t\t\t<\/div>\n\t\t\t\t<\/div>\n\t\t","protected":false},"excerpt":{"rendered":"<p>Sz\u00e1ll\u00edt\u00e1si szab\u00e1lyzat Hat\u00e1lybal\u00e9p\u00e9s d\u00e1tuma: 2026. febru\u00e1r Ez a Sz\u00e1ll\u00edt\u00e1si Szab\u00e1lyzat r\u00e9szletezi a(z) halleyball.com (a \u201eWeboldal\u201d) webhelyr\u0151l v\u00e1s\u00e1rolt term\u00e9kek sz\u00e1ll\u00edt\u00e1s\u00e1val \u00e9s<\/p>\n","protected":false},"author":3,"featured_media":0,"parent":0,"menu_order":0,"comment_status":"closed","ping_status":"closed","template":"","meta":{"footnotes":""},"class_list":["post-891","page","type-page","status-publish","hentry"],"_links":{"self":[{"href":"https:\/\/halleyball.com\/hu\/wp-json\/wp\/v2\/pages\/891","targetHints":{"allow":["GET"]}}],"collection":[{"href":"https:\/\/halleyball.com\/hu\/wp-json\/wp\/v2\/pages"}],"about":[{"href":"https:\/\/halleyball.com\/hu\/wp-json\/wp\/v2\/types\/page"}],"author":[{"embeddable":true,"href":"https:\/\/halleyball.com\/hu\/wp-json\/wp\/v2\/users\/3"}],"replies":[{"embeddable":true,"href":"https:\/\/halleyball.com\/hu\/wp-json\/wp\/v2\/comments?post=891"}],"version-history":[{"count":11,"href":"https:\/\/halleyball.com\/hu\/wp-json\/wp\/v2\/pages\/891\/revisions"}],"predecessor-version":[{"id":1517,"href":"https:\/\/halleyball.com\/hu\/wp-json\/wp\/v2\/pages\/891\/revisions\/1517"}],"wp:attachment":[{"href":"https:\/\/halleyball.com\/hu\/wp-json\/wp\/v2\/media?parent=891"}],"curies":[{"name":"wp","href":"https:\/\/api.w.org\/{rel}","templated":true}]}}