{"id":899,"date":"2026-02-14T20:13:17","date_gmt":"2026-02-14T19:13:17","guid":{"rendered":"https:\/\/halleyball.com\/bedingungen\/"},"modified":"2026-03-03T23:18:38","modified_gmt":"2026-03-03T22:18:38","slug":"bedingungen","status":"publish","type":"page","link":"https:\/\/halleyball.com\/hu\/bedingungen\/","title":{"rendered":"Felt\u00e9telek"},"content":{"rendered":"\t\t<div data-elementor-type=\"wp-page\" data-elementor-id=\"899\" class=\"elementor elementor-899 elementor-18\" data-elementor-post-type=\"page\">\n\t\t\t\t<div class=\"elementor-element elementor-element-5b7e923 e-con-full wd-section-stretch e-flex e-con e-parent\" data-id=\"5b7e923\" data-element_type=\"container\" data-e-type=\"container\" data-settings=\"{&quot;_ha_eqh_enable&quot;:false}\">\n\t\t\t\t<div class=\"elementor-element elementor-element-96c01ea elementor-widget elementor-widget-heading\" data-id=\"96c01ea\" data-element_type=\"widget\" data-e-type=\"widget\" data-widget_type=\"heading.default\">\n\t\t\t\t\t<h2 class=\"elementor-heading-title elementor-size-default\">\u00c1ltal\u00e1nos Szerz\u0151d\u00e9si Felt\u00e9telek<\/h2>\t\t\t\t<\/div>\n\t\t\t\t<div class=\"elementor-element elementor-element-a4c3c90 elementor-widget elementor-widget-wd_text_block\" data-id=\"a4c3c90\" data-element_type=\"widget\" data-e-type=\"widget\" data-widget_type=\"wd_text_block.default\">\n\t\t\t\t<div class=\"elementor-widget-container\">\n\t\t\t\t\t\t\t<div class=\"wd-text-block reset-last-child text-left\">\n\t\t\t\n\t\t\t<p data-path-to-node=\"10\"><b data-path-to-node=\"10\" data-index-in-node=\"0\">Hat\u00e1lybal\u00e9p\u00e9s d\u00e1tuma: 2026. febru\u00e1r<\/b><\/p><p data-path-to-node=\"11\"><b data-path-to-node=\"11\" data-index-in-node=\"0\">1. V\u00e1llalati adatok<\/b> A <b data-path-to-node=\"11\" data-index-in-node=\"35\">halleyball.com<\/b> weboldalt (a tov\u00e1bbiakban: \u201eWeboldal\u201d) a k\u00f6vetkez\u0151 \u00fczemelteti:<\/p><ul data-path-to-node=\"12\"><li><p data-path-to-node=\"12,0,0\"><b data-path-to-node=\"12,0,0\" data-index-in-node=\"0\">C\u00e9gn\u00e9v:<\/b> UAB Servely<\/p><\/li><li><p data-path-to-node=\"12,1,0\"><b data-path-to-node=\"12,1,0\" data-index-in-node=\"0\">C\u00e9gjegyz\u00e9ksz\u00e1m:<\/b> 306334173<\/p><\/li><li><p data-path-to-node=\"12,2,0\"><b data-path-to-node=\"12,2,0\" data-index-in-node=\"0\">Ad\u00f3sz\u00e1m (\u00c1FA):<\/b> LT100016144816<\/p><\/li><li><p data-path-to-node=\"12,3,0\"><b data-path-to-node=\"12,3,0\" data-index-in-node=\"0\">Sz\u00e9khely:<\/b> Kalvariju g. 125, Vilniaus 08221, Litv\u00e1nia <\/p><\/li><li><p data-path-to-node=\"12,4,0\"><b data-path-to-node=\"12,4,0\" data-index-in-node=\"0\">Kapcsolattart\u00e1si e-mail:<\/b> info kukac halleyball pont com<\/p><\/li><\/ul><p data-path-to-node=\"13\"><b data-path-to-node=\"13\" data-index-in-node=\"0\">2. \u00c1ltal\u00e1nos rendelkez\u00e9sek<\/b> Ezek a Felt\u00e9telek szab\u00e1lyozz\u00e1k a Weboldal haszn\u00e1lat\u00e1t \u00e9s a HalleyBall term\u00e9kek v\u00e1s\u00e1rl\u00e1s\u00e1t. Rendel\u00e9s lead\u00e1s\u00e1val elfogadod ezeket a Felt\u00e9teleket. <\/p><p data-path-to-node=\"14\"><b data-path-to-node=\"14\" data-index-in-node=\"0\">3. Rendel\u00e9sek \u00e9s \u00e1rak<\/b> A Weboldalon felt\u00fcntetett \u00f6sszes \u00e1r tartalmazza az alkalmazand\u00f3 ad\u00f3kat. Fenntartjuk a jogot, hogy kijav\u00edtsunk minden nyilv\u00e1nval\u00f3 \u00e1rhib\u00e1t, vagy t\u00f6r\u00f6lj\u00fck a megrendel\u00e9seket a k\u00e9szlethi\u00e1ny miatt (ebben az esetben a teljes v\u00e9tel\u00e1rat visszat\u00e9r\u00edtj\u00fck). Minden megrendel\u00e9s elfogad\u00e1sunk f\u00fcggv\u00e9nye.  <\/p><p data-path-to-node=\"15\"><b data-path-to-node=\"15\" data-index-in-node=\"0\">4. Fizet\u00e9s \u00e9s sz\u00e1ll\u00edt\u00e1s<\/b><\/p><ul data-path-to-node=\"16\"><li><p data-path-to-node=\"16,0,0\"><b data-path-to-node=\"16,0,0\" data-index-in-node=\"0\">Fizet\u00e9sek:<\/b> A fizet\u00e9sek biztons\u00e1gosan t\u00f6rt\u00e9nnek a <b data-path-to-node=\"16,0,0\" data-index-in-node=\"50\">Revolut Business<\/b> rendszer\u00e9n kereszt\u00fcl (t\u00e1mogatja az Apple Pay, Google Pay, valamint a f\u0151bb hitel-\/bankk\u00e1rty\u00e1kat).<\/p><\/li><li><p data-path-to-node=\"16,1,0\"><b data-path-to-node=\"16,1,0\" data-index-in-node=\"0\">Sz\u00e1ll\u00edt\u00e1s:<\/b> A megrendel\u00e9seket a <b data-path-to-node=\"16,1,0\" data-index-in-node=\"36\">k\u00f6vetkez\u0151 munkanapon<\/b> adjuk fel. <b data-path-to-node=\"16,1,0\" data-index-in-node=\"66\">Az \u00f6sszes EU tag\u00e1llamba \u00e9s Norv\u00e9gi\u00e1ba<\/b> sz\u00e1ll\u00edtunk. <\/p><\/li><li><p data-path-to-node=\"16,2,0\"><b data-path-to-node=\"16,2,0\" data-index-in-node=\"0\">Nyomon k\u00f6vet\u00e9s &amp; K\u00e9zbes\u00edt\u00e9s:<\/b> A c\u00e9lorsz\u00e1g helyi sz\u00e1ll\u00edt\u00f3j\u00e1nak standard nyomon k\u00f6vet\u00e9si gyakorlat\u00e1t k\u00f6vetj\u00fck. A becs\u00fclt sz\u00e1ll\u00edt\u00e1si id\u0151k (\u00e1ltal\u00e1ban 3-7 munkanap) nem garant\u00e1ltak. A k\u00e1rvesz\u00e9ly a term\u00e9k sz\u00e1ll\u00edt\u00f3hoz t\u00f6rt\u00e9n\u0151 k\u00e9zbes\u00edt\u00e9sekor sz\u00e1ll \u00e1t r\u00e1d.  <\/p><\/li><\/ul><p data-path-to-node=\"17\"><b data-path-to-node=\"17\" data-index-in-node=\"0\">5. El\u00e1ll\u00e1si jog (Visszak\u00fcld\u00e9s)<\/b> Jogod van a megrendel\u00e9s k\u00e9zhezv\u00e9tel\u00e9t\u0151l sz\u00e1m\u00edtott <b data-path-to-node=\"17\" data-index-in-node=\"79\">14 napon bel\u00fcl<\/b> visszak\u00fcld\u00e9st k\u00e9rni.<\/p><ul data-path-to-node=\"18\"><li><p data-path-to-node=\"18,0,0\">\u00dcgyf\u00e9lbar\u00e1t politik\u00e1nk r\u00e9szek\u00e9nt elfogadunk visszak\u00fcld\u00e9st akkor is, ha a term\u00e9ket <b data-path-to-node=\"18,0,0\" data-index-in-node=\"88\">felbontott\u00e1k \u00e9s kipr\u00f3b\u00e1lt\u00e1k<\/b>.<\/p><\/li><li><p data-path-to-node=\"18,1,0\">Visszak\u00fcld\u00e9s kezdem\u00e9nyez\u00e9s\u00e9hez vedd fel vel\u00fcnk a kapcsolatot az <b data-path-to-node=\"18,1,0\" data-index-in-node=\"36\">info kukac halleyball pont com<\/b> c\u00edmen.<\/p><\/li><li><p data-path-to-node=\"18,2,0\"><b data-path-to-node=\"18,2,0\" data-index-in-node=\"0\">A visszak\u00fcld\u00e9s sz\u00e1ll\u00edt\u00e1si k\u00f6lts\u00e9gei az \u00fcgyfelet terhelik.<\/b> A visszat\u00e9r\u00edt\u00e9seket az eredeti fizet\u00e9si m\u00f3dra dolgozzuk fel 7-10 munkanapon bel\u00fcl, miut\u00e1n megkaptuk a term\u00e9ket. Az eredeti sz\u00e1ll\u00edt\u00e1si d\u00edjak nem visszat\u00e9r\u00edthet\u0151k. <\/p><\/li><\/ul><p data-path-to-node=\"19\"><b data-path-to-node=\"19\" data-index-in-node=\"0\">6. Kock\u00e1zatv\u00e1llal\u00e1s &amp; Felel\u0151ss\u00e9gkorl\u00e1toz\u00e1s<\/b> A HalleyBall egy sport- \u00e9s szabadt\u00e9ri tev\u00e9kenys\u00e9ghez k\u00e9sz\u00fclt term\u00e9k. A term\u00e9k megv\u00e1s\u00e1rl\u00e1s\u00e1val \u00e9s haszn\u00e1lat\u00e1val tudom\u00e1sul veszed, hogy a fizikai tev\u00e9kenys\u00e9g velej\u00e1r\u00f3ja a s\u00e9r\u00fcl\u00e9s kock\u00e1zata. Elfogadod, hogy \u00f6nk\u00e9ntesen haszn\u00e1lod a term\u00e9ket, \u00e9s <b data-path-to-node=\"19\" data-index-in-node=\"270\">v\u00e1llalod a haszn\u00e1lat\u00e1val j\u00e1r\u00f3 \u00f6sszes kock\u00e1zatot<\/b>. Az UAB Servely nem v\u00e1llal felel\u0151ss\u00e9get a term\u00e9k haszn\u00e1lat\u00e1b\u00f3l vagy helytelen haszn\u00e1lat\u00e1b\u00f3l ered\u0151 k\u00f6zvetett, v\u00e9letlen vagy k\u00f6vetkezm\u00e9nyes k\u00e1rok\u00e9rt.   <\/p><p data-path-to-node=\"20\"><b data-path-to-node=\"20\" data-index-in-node=\"0\">7. K\u00f6telez\u0151 biztons\u00e1gi figyelmeztet\u00e9s<\/b> <b data-path-to-node=\"20\" data-index-in-node=\"28\">FIGYELEM: Fojt\u00e1svesz\u00e9ly.<\/b> Hossz\u00fa farka miatt 3 \u00e9v alatti gyermekek sz\u00e1m\u00e1ra nem alkalmas. <b data-path-to-node=\"20\" data-index-in-node=\"141\">8 \u00e9ves korig<\/b> a term\u00e9ket csak szigor\u00fa feln\u0151tt fel\u00fcgyelet mellett szabad haszn\u00e1lni. Mindig ny\u00edlt, biztons\u00e1gos helyen j\u00e1tssz.  <\/p><p data-path-to-node=\"21\"><b data-path-to-node=\"21\" data-index-in-node=\"0\">8. Ir\u00e1nyad\u00f3 jog \u00e9s joghat\u00f3s\u00e1g<\/b> Ezekre a Felt\u00e9telekre <b data-path-to-node=\"21\" data-index-in-node=\"112\">Litv\u00e1nia<\/b> t\u00f6rv\u00e9nyei az ir\u00e1nyad\u00f3k \u00e9s azok szerint kell \u00e9rtelmezni. Az ezen Felt\u00e9telekb\u0151l ered\u0151 vit\u00e1kat kiz\u00e1r\u00f3lag Litv\u00e1nia b\u00edr\u00f3s\u00e1gai rendezik, kiv\u00e9ve, ha a lak\u00f3helyed szerinti EU-orsz\u00e1g k\u00f6telez\u0151 fogyaszt\u00f3v\u00e9delmi t\u00f6rv\u00e9nyei jogot biztos\u00edtanak arra, hogy helyi joghat\u00f3s\u00e1godban ind\u00edts pert. <\/p><hr data-path-to-node=\"22\"><h3 data-path-to-node=\"23\"><b data-path-to-node=\"23\" data-index-in-node=\"0\">2. ADATV\u00c9DELMI SZAB\u00c1LYZAT (GDPR)<\/b><\/h3><p data-path-to-node=\"24\"><b data-path-to-node=\"24\" data-index-in-node=\"0\">Hat\u00e1lybal\u00e9p\u00e9s d\u00e1tuma: 2026. febru\u00e1r<\/b><\/p><p data-path-to-node=\"25\"><b data-path-to-node=\"25\" data-index-in-node=\"0\">1. Adatkezel\u0151<\/b> Szem\u00e9lyes adataid\u00e9rt felel\u0151s adatkezel\u0151 az <b data-path-to-node=\"25\" data-index-in-node=\"84\">UAB Servely<\/b> (C\u00e9gjegyz\u00e9ksz\u00e1m: 306334173, Ad\u00f3sz\u00e1m: LT100016144816), sz\u00e9khelye: Kalvariju g. 125, Vilniaus 08221, Litv\u00e1nia. Kapcsolatba l\u00e9phetsz vel\u00fcnk az <b data-path-to-node=\"25\" data-index-in-node=\"223\">info kukac halleyball pont com<\/b> c\u00edmen.  <\/p><p data-path-to-node=\"26\"><b data-path-to-node=\"26\" data-index-in-node=\"0\">2. \u00c1ltalunk gy\u0171jt\u00f6tt inform\u00e1ci\u00f3k<\/b> A megrendel\u00e9sed feldolgoz\u00e1s\u00e1hoz \u00e9s szolg\u00e1ltat\u00e1saink ny\u00fajt\u00e1s\u00e1hoz a k\u00f6vetkez\u0151ket gy\u0171jtj\u00fck:<\/p><ul data-path-to-node=\"27\"><li><p data-path-to-node=\"27,0,0\"><b data-path-to-node=\"27,0,0\" data-index-in-node=\"0\">Rendel\u00e9si adatok:<\/b> Neved, sz\u00e1ll\u00edt\u00e1si\/sz\u00e1ml\u00e1z\u00e1si c\u00edmed \u00e9s e-mail c\u00edmed.<\/p><\/li><li><p data-path-to-node=\"27,1,0\"><b data-path-to-node=\"27,1,0\" data-index-in-node=\"0\">Fizet\u00e9si inform\u00e1ci\u00f3k:<\/b> Fizet\u00e9seidet biztons\u00e1gosan a <b data-path-to-node=\"27,1,0\" data-index-in-node=\"61\">Revolut Business<\/b> dolgozza fel. Nem gy\u0171jtj\u00fck \u00e9s nem t\u00e1roljuk a teljes hitelk\u00e1rtyaadataidat a szervereinken. <\/p><\/li><li><p data-path-to-node=\"27,2,0\"><b data-path-to-node=\"27,2,0\" data-index-in-node=\"0\">Technikai adatok:<\/b> Alapvet\u0151 adatok, p\u00e9ld\u00e1ul az IP-c\u00edmed a weboldal biztons\u00e1g\u00e1nak \u00e9s m\u0171k\u00f6d\u00e9s\u00e9nek biztos\u00edt\u00e1s\u00e1hoz.<\/p><\/li><\/ul><p data-path-to-node=\"28\"><b data-path-to-node=\"28\" data-index-in-node=\"0\">3. Hogyan haszn\u00e1ljuk fel adataidat<\/b> Adataidat szigor\u00faan a k\u00f6vetkez\u0151kre haszn\u00e1ljuk fel:<\/p><ul data-path-to-node=\"29\"><li><p data-path-to-node=\"29,0,0\">HalleyBall megrendel\u00e9sed teljes\u00edt\u00e9se \u00e9s sz\u00e1ll\u00edt\u00e1sa.<\/p><\/li><li><p data-path-to-node=\"29,1,0\">\u00dcgyf\u00e9lszolg\u00e1lat \u00e9s rendel\u00e9si friss\u00edt\u00e9sek biztos\u00edt\u00e1sa.<\/p><\/li><li><p data-path-to-node=\"29,2,0\">Az Eur\u00f3pai Uni\u00f3 \u00e9s Litv\u00e1nia jogi \u00e9s sz\u00e1mviteli k\u00f6telezetts\u00e9geinek val\u00f3 megfelel\u00e9s.<\/p><\/li><\/ul><p data-path-to-node=\"30\"><b data-path-to-node=\"30\" data-index-in-node=\"0\">4. Adatmegoszt\u00e1s<\/b> Adataidat csak megb\u00edzhat\u00f3 harmadik felekkel osztjuk meg, akik sz\u00fcks\u00e9gesek szolg\u00e1ltat\u00e1saink teljes\u00edt\u00e9s\u00e9hez:<\/p><ul data-path-to-node=\"31\"><li><p data-path-to-node=\"31,0,0\"><b data-path-to-node=\"31,0,0\" data-index-in-node=\"0\">Sz\u00e1ll\u00edt\u00f3 c\u00e9gek:<\/b> Neved \u00e9s c\u00edmed, hogy k\u00e9zbes\u00edthess\u00e9k a csomagodat.<\/p><\/li><li><p data-path-to-node=\"31,1,0\"><b data-path-to-node=\"31,1,0\" data-index-in-node=\"0\">Fizet\u00e9sfeldolgoz\u00f3:<\/b> Revolut Bank UAB a biztons\u00e1gos tranzakci\u00f3feldolgoz\u00e1shoz.<\/p><\/li><li><p data-path-to-node=\"31,2,0\"><b data-path-to-node=\"31,2,0\" data-index-in-node=\"0\">T\u00e1rhelyszolg\u00e1ltat\u00f3:<\/b> Weboldalunk t\u00e1rhelyszolg\u00e1ltat\u00f3ja a webhely m\u0171k\u00f6d\u00e9s\u00e9nek fenntart\u00e1s\u00e1hoz.<\/p><\/li><\/ul><p data-path-to-node=\"32\"><b data-path-to-node=\"32\" data-index-in-node=\"0\">5. Adatmeg\u0151rz\u00e9s<\/b> Rendel\u00e9si \u00e9s sz\u00e1ml\u00e1z\u00e1si adataidat csak addig \u0151rizz\u00fck meg, ameddig az ezen ir\u00e1nyelvben meghat\u00e1rozott c\u00e9lok teljes\u00edt\u00e9s\u00e9hez \u00e9s a litv\u00e1n sz\u00e1mviteli t\u00f6rv\u00e9nyeknek val\u00f3 megfelel\u00e9shez sz\u00fcks\u00e9ges (\u00e1ltal\u00e1ban 10 \u00e9vig).<\/p><p data-path-to-node=\"33\"><b data-path-to-node=\"33\" data-index-in-node=\"0\">6. GDPR jogaid<\/b> EU-alap\u00fa v\u00e1llalkoz\u00e1sk\u00e9nt teljes m\u00e9rt\u00e9kben megfelel\u00fcnk az \u00c1ltal\u00e1nos Adatv\u00e9delmi Rendeletnek (GDPR). Jogod van: <\/p><ul data-path-to-node=\"34\"><li><p data-path-to-node=\"34,0,0\">Hozz\u00e1f\u00e9rni a r\u00f3lad t\u00e1rolt szem\u00e9lyes adatokhoz.<\/p><\/li><li><p data-path-to-node=\"34,1,0\">K\u00e9rni adataid helyesb\u00edt\u00e9s\u00e9t vagy t\u00f6rl\u00e9s\u00e9t (kiv\u00e9ve, ha jogilag k\u00f6telesek vagyunk azokat meg\u0151rizni).<\/p><\/li><li><p data-path-to-node=\"34,2,0\">Panaszt tenni a Litv\u00e1n \u00c1llami Adatv\u00e9delmi Fel\u00fcgyel\u0151s\u00e9gn\u00e9l vagy a helyi adatv\u00e9delmi hat\u00f3s\u00e1gn\u00e1l.<\/p><\/li><\/ul><p data-path-to-node=\"35\"><b data-path-to-node=\"35\" data-index-in-node=\"0\">7. S\u00fctik<\/b> Alapvet\u0151 s\u00fctiket haszn\u00e1lunk, amelyek szigor\u00faan sz\u00fcks\u00e9gesek a weboldal kos\u00e1r- \u00e9s p\u00e9nzt\u00e1rfunkci\u00f3ihoz. A weboldalunk haszn\u00e1lat\u00e1val hozz\u00e1j\u00e1rulsz ezen alapvet\u0151 s\u00fctik haszn\u00e1lat\u00e1hoz. <\/p><p data-path-to-node=\"36\"><b data-path-to-node=\"36\" data-index-in-node=\"0\">8. Kapcsolat<\/b> Ha b\u00e1rmilyen k\u00e9rd\u00e9sed van az adatkezel\u00e9s\u00fcnkkel kapcsolatban, k\u00e9rj\u00fck, \u00edrj nek\u00fcnk e-mailt az <b data-path-to-node=\"36\" data-index-in-node=\"90\">info kukac halleyball pont com<\/b> c\u00edmre.<\/p><hr data-path-to-node=\"37\"><p data-path-to-node=\"38\"> <\/p>\n\t\t\t\t\t<\/div>\n\t\t\t\t\t\t<\/div>\n\t\t\t\t<\/div>\n\t\t\t\t<\/div>\n\t\t\t\t<\/div>\n\t\t","protected":false},"excerpt":{"rendered":"<p>\u00c1ltal\u00e1nos Szerz\u0151d\u00e9si Felt\u00e9telek Hat\u00e1lybal\u00e9p\u00e9s d\u00e1tuma: 2026. febru\u00e1r 1. V\u00e1llalati adatok A halleyball.com weboldalt (a tov\u00e1bbiakban: \u201eWeboldal\u201d) a k\u00f6vetkez\u0151 \u00fczemelteti: C\u00e9gn\u00e9v:<\/p>\n","protected":false},"author":3,"featured_media":0,"parent":0,"menu_order":0,"comment_status":"closed","ping_status":"closed","template":"","meta":{"footnotes":""},"class_list":["post-899","page","type-page","status-publish","hentry"],"_links":{"self":[{"href":"https:\/\/halleyball.com\/hu\/wp-json\/wp\/v2\/pages\/899","targetHints":{"allow":["GET"]}}],"collection":[{"href":"https:\/\/halleyball.com\/hu\/wp-json\/wp\/v2\/pages"}],"about":[{"href":"https:\/\/halleyball.com\/hu\/wp-json\/wp\/v2\/types\/page"}],"author":[{"embeddable":true,"href":"https:\/\/halleyball.com\/hu\/wp-json\/wp\/v2\/users\/3"}],"replies":[{"embeddable":true,"href":"https:\/\/halleyball.com\/hu\/wp-json\/wp\/v2\/comments?post=899"}],"version-history":[{"count":8,"href":"https:\/\/halleyball.com\/hu\/wp-json\/wp\/v2\/pages\/899\/revisions"}],"predecessor-version":[{"id":1221,"href":"https:\/\/halleyball.com\/hu\/wp-json\/wp\/v2\/pages\/899\/revisions\/1221"}],"wp:attachment":[{"href":"https:\/\/halleyball.com\/hu\/wp-json\/wp\/v2\/media?parent=899"}],"curies":[{"name":"wp","href":"https:\/\/api.w.org\/{rel}","templated":true}]}}