{"id":907,"date":"2026-02-14T20:13:11","date_gmt":"2026-02-14T19:13:11","guid":{"rendered":"https:\/\/halleyball.com\/datenschutz\/"},"modified":"2026-03-03T23:17:05","modified_gmt":"2026-03-03T22:17:05","slug":"datenschutz","status":"publish","type":"page","link":"https:\/\/halleyball.com\/hu\/datenschutz\/","title":{"rendered":"Adatv\u00e9delem"},"content":{"rendered":"\t\t<div data-elementor-type=\"wp-page\" data-elementor-id=\"907\" class=\"elementor elementor-907 elementor-16\" data-elementor-post-type=\"page\">\n\t\t\t\t<div class=\"elementor-element elementor-element-c62f0dc e-con-full wd-section-stretch e-flex e-con e-parent\" data-id=\"c62f0dc\" data-element_type=\"container\" data-e-type=\"container\" data-settings=\"{&quot;_ha_eqh_enable&quot;:false}\">\n\t\t\t\t<div class=\"elementor-element elementor-element-2925540 elementor-widget elementor-widget-heading\" data-id=\"2925540\" data-element_type=\"widget\" data-e-type=\"widget\" data-widget_type=\"heading.default\">\n\t\t\t\t\t<h2 class=\"elementor-heading-title elementor-size-default\">Adatv\u00e9delmi Szab\u00e1lyzat<\/h2>\t\t\t\t<\/div>\n\t\t\t\t<div class=\"elementor-element elementor-element-a0a7cd8 elementor-widget elementor-widget-wd_text_block\" data-id=\"a0a7cd8\" data-element_type=\"widget\" data-e-type=\"widget\" data-widget_type=\"wd_text_block.default\">\n\t\t\t\t<div class=\"elementor-widget-container\">\n\t\t\t\t\t\t\t<div class=\"wd-text-block reset-last-child text-left\">\n\t\t\t\n\t\t\t<p data-path-to-node=\"4\"><b data-path-to-node=\"4\" data-index-in-node=\"0\">Hat\u00e1lybal\u00e9p\u00e9s d\u00e1tuma: 2026. febru\u00e1r<\/b><\/p>\n<p data-path-to-node=\"5\"><b data-path-to-node=\"5\" data-index-in-node=\"0\">1. Adatkezel\u0151<\/b><br \/>\nAz \u00d6n szem\u00e9lyes adatai\u00e9rt felel\u0151s adatkezel\u0151 az <b data-path-to-node=\"5\" data-index-in-node=\"84\">UAB Servely<\/b> (c\u00e9gjegyz\u00e9ksz\u00e1m: 306334173, ad\u00f3sz\u00e1m: LT100016144816), sz\u00e9khelye: Kalvariju g. 125, Vilniaus 08221, Litv\u00e1nia. El\u00e9rhet minket az <b data-path-to-node=\"5\" data-index-in-node=\"223\">info kukac halleyball pont com<\/b> c\u00edmen.  <\/p>\n<p data-path-to-node=\"6\"><b data-path-to-node=\"6\" data-index-in-node=\"0\">2. Az \u00e1ltalunk gy\u0171jt\u00f6tt inform\u00e1ci\u00f3k<\/b><br \/>\nRendel\u00e9se feldolgoz\u00e1s\u00e1hoz \u00e9s szolg\u00e1ltat\u00e1saink ny\u00fajt\u00e1s\u00e1hoz a k\u00f6vetkez\u0151ket gy\u0171jtj\u00fck:<\/p>\n<ul data-path-to-node=\"7\">\n<li>\n<p data-path-to-node=\"7,0,0\"><b data-path-to-node=\"7,0,0\" data-index-in-node=\"0\">Rendel\u00e9si adatok:<\/b> Az \u00d6n neve, sz\u00e1ll\u00edt\u00e1si\/sz\u00e1ml\u00e1z\u00e1si c\u00edme \u00e9s e-mail c\u00edme.<\/p>\n<\/li>\n<li>\n<p data-path-to-node=\"7,1,0\"><b data-path-to-node=\"7,1,0\" data-index-in-node=\"0\">Fizet\u00e9si inform\u00e1ci\u00f3k:<\/b> Fizet\u00e9seit biztons\u00e1gosan dolgozza fel a <b data-path-to-node=\"7,1,0\" data-index-in-node=\"61\">Revolut Business<\/b>. Nem gy\u0171jtj\u00fck \u00e9s nem t\u00e1roljuk a teljes hitelk\u00e1rtyaadatait szervereinken. <\/p>\n<\/li>\n<li>\n<p data-path-to-node=\"7,2,0\"><b data-path-to-node=\"7,2,0\" data-index-in-node=\"0\">Technikai adatok:<\/b> Alapvet\u0151 adatok, p\u00e9ld\u00e1ul az IP-c\u00edme a weboldal biztons\u00e1g\u00e1nak \u00e9s m\u0171k\u00f6d\u00e9s\u00e9nek biztos\u00edt\u00e1sa \u00e9rdek\u00e9ben.<\/p>\n<\/li>\n<\/ul>\n<p data-path-to-node=\"8\"><b data-path-to-node=\"8\" data-index-in-node=\"0\">3. Hogyan haszn\u00e1ljuk fel adatait<\/b><br \/>\nAdatait szigor\u00faan a k\u00f6vetkez\u0151kre haszn\u00e1ljuk fel:<\/p>\n<ul data-path-to-node=\"9\">\n<li>\n<p data-path-to-node=\"9,0,0\">HalleyBall rendel\u00e9s\u00e9nek teljes\u00edt\u00e9se \u00e9s kisz\u00e1ll\u00edt\u00e1sa.<\/p>\n<\/li>\n<li>\n<p data-path-to-node=\"9,1,0\">\u00dcgyf\u00e9lszolg\u00e1lat biztos\u00edt\u00e1sa \u00e9s rendel\u00e9si friss\u00edt\u00e9sek k\u00fcld\u00e9se.<\/p>\n<\/li>\n<li>\n<p data-path-to-node=\"9,2,0\">Az Eur\u00f3pai Uni\u00f3 \u00e9s a litv\u00e1n jogi \u00e9s sz\u00e1mviteli k\u00f6telezetts\u00e9gek betart\u00e1sa.<\/p>\n<\/li>\n<\/ul>\n<p data-path-to-node=\"10\"><b data-path-to-node=\"10\" data-index-in-node=\"0\">4. Adatmegoszt\u00e1s<\/b><br \/>\nAdatait csak megb\u00edzhat\u00f3 harmadik felekkel osztjuk meg, amelyek sz\u00fcks\u00e9gesek szolg\u00e1ltat\u00e1saink teljes\u00edt\u00e9s\u00e9hez:<\/p>\n<ul data-path-to-node=\"11\">\n<li>\n<p data-path-to-node=\"11,0,0\"><b data-path-to-node=\"11,0,0\" data-index-in-node=\"0\">Sz\u00e1ll\u00edtm\u00e1nyoz\u00f3k:<\/b> Az \u00d6n neve \u00e9s c\u00edme, hogy k\u00e9zbes\u00edthess\u00e9k a csomagj\u00e1t.<\/p>\n<\/li>\n<li>\n<p data-path-to-node=\"11,1,0\"><b data-path-to-node=\"11,1,0\" data-index-in-node=\"0\">Fizet\u00e9sfeldolgoz\u00f3:<\/b> Revolut Bank UAB a biztons\u00e1gos tranzakci\u00f3feldolgoz\u00e1s \u00e9rdek\u00e9ben.<\/p>\n<\/li>\n<li>\n<p data-path-to-node=\"11,2,0\"><b data-path-to-node=\"11,2,0\" data-index-in-node=\"0\">T\u00e1rhelyszolg\u00e1ltat\u00f3:<\/b> Weboldalunk t\u00e1rhelyszolg\u00e1ltat\u00f3ja a webhely m\u0171k\u00f6d\u00e9s\u00e9nek fenntart\u00e1s\u00e1hoz.<\/p>\n<\/li>\n<\/ul>\n<p data-path-to-node=\"12\"><b data-path-to-node=\"12\" data-index-in-node=\"0\">5. Adatmeg\u0151rz\u00e9s<\/b><br \/>\nRendel\u00e9si \u00e9s sz\u00e1ml\u00e1z\u00e1si adatait csak addig \u0151rizz\u00fck meg, ameddig az ebben a szab\u00e1lyzatban meghat\u00e1rozott c\u00e9lok teljes\u00edt\u00e9s\u00e9hez \u00e9s a litv\u00e1n sz\u00e1mviteli t\u00f6rv\u00e9nyek betart\u00e1s\u00e1hoz sz\u00fcks\u00e9ges (\u00e1ltal\u00e1ban 10 \u00e9vig).<\/p>\n<p data-path-to-node=\"13\"><b data-path-to-node=\"13\" data-index-in-node=\"0\">6. Az \u00d6n GDPR jogai<\/b><br \/>\nEU-alap\u00fa v\u00e1llalkoz\u00e1sk\u00e9nt teljes m\u00e9rt\u00e9kben megfelel\u00fcnk az \u00c1ltal\u00e1nos Adatv\u00e9delmi Rendeletnek (GDPR). \u00d6nnek joga van: <\/p>\n<ul data-path-to-node=\"14\">\n<li>\n<p data-path-to-node=\"14,0,0\">Hozz\u00e1f\u00e9rni az \u00d6nr\u0151l t\u00e1rolt szem\u00e9lyes adatokhoz.<\/p>\n<\/li>\n<li>\n<p data-path-to-node=\"14,1,0\">K\u00e9rni adatainak helyesb\u00edt\u00e9s\u00e9t vagy t\u00f6rl\u00e9s\u00e9t (kiv\u00e9ve, ha jogilag k\u00f6telesek vagyunk azokat meg\u0151rizni).<\/p>\n<\/li>\n<li>\n<p data-path-to-node=\"14,2,0\">Panaszt tenni a Litv\u00e1n \u00c1llami Adatv\u00e9delmi Fel\u00fcgyeletn\u00e9l vagy a helyi adatv\u00e9delmi hat\u00f3s\u00e1gn\u00e1l.<\/p>\n<\/li>\n<\/ul>\n<p data-path-to-node=\"15\"><b data-path-to-node=\"15\" data-index-in-node=\"0\">7. S\u00fctik<\/b><br \/>\nAlapvet\u0151 s\u00fctiket haszn\u00e1lunk, amelyek szigor\u00faan sz\u00fcks\u00e9gesek a weboldal bev\u00e1s\u00e1rl\u00f3kos\u00e1r \u00e9s p\u00e9nzt\u00e1r funkci\u00f3inak m\u0171k\u00f6d\u00e9s\u00e9hez. Weboldalunk haszn\u00e1lat\u00e1val \u00d6n hozz\u00e1j\u00e1rul ezen alapvet\u0151 s\u00fctik haszn\u00e1lat\u00e1hoz. <\/p>\n<p data-path-to-node=\"16\"><b data-path-to-node=\"16\" data-index-in-node=\"0\">8. Kapcsolatfelv\u00e9tel<\/b><br \/>\nHa b\u00e1rmilyen k\u00e9rd\u00e9se van az adatkezel\u00e9s\u00fcnkkel kapcsolatban, k\u00e9rj\u00fck, \u00edrjon nek\u00fcnk az <b data-path-to-node=\"16\" data-index-in-node=\"90\">info kukac halleyball pont com<\/b> c\u00edmre.<\/p>\n\n\t\t\t\t\t<\/div>\n\t\t\t\t\t\t<\/div>\n\t\t\t\t<\/div>\n\t\t\t\t<\/div>\n\t\t\t\t<\/div>\n\t\t","protected":false},"excerpt":{"rendered":"<p>Adatv\u00e9delmi Szab\u00e1lyzat Hat\u00e1lybal\u00e9p\u00e9s d\u00e1tuma: 2026. febru\u00e1r 1. Adatkezel\u0151 Az \u00d6n szem\u00e9lyes adatai\u00e9rt felel\u0151s adatkezel\u0151 az UAB Servely (c\u00e9gjegyz\u00e9ksz\u00e1m: 306334173, ad\u00f3sz\u00e1m:<\/p>\n","protected":false},"author":3,"featured_media":0,"parent":0,"menu_order":0,"comment_status":"closed","ping_status":"closed","template":"","meta":{"footnotes":""},"class_list":["post-907","page","type-page","status-publish","hentry"],"_links":{"self":[{"href":"https:\/\/halleyball.com\/hu\/wp-json\/wp\/v2\/pages\/907","targetHints":{"allow":["GET"]}}],"collection":[{"href":"https:\/\/halleyball.com\/hu\/wp-json\/wp\/v2\/pages"}],"about":[{"href":"https:\/\/halleyball.com\/hu\/wp-json\/wp\/v2\/types\/page"}],"author":[{"embeddable":true,"href":"https:\/\/halleyball.com\/hu\/wp-json\/wp\/v2\/users\/3"}],"replies":[{"embeddable":true,"href":"https:\/\/halleyball.com\/hu\/wp-json\/wp\/v2\/comments?post=907"}],"version-history":[{"count":8,"href":"https:\/\/halleyball.com\/hu\/wp-json\/wp\/v2\/pages\/907\/revisions"}],"predecessor-version":[{"id":1204,"href":"https:\/\/halleyball.com\/hu\/wp-json\/wp\/v2\/pages\/907\/revisions\/1204"}],"wp:attachment":[{"href":"https:\/\/halleyball.com\/hu\/wp-json\/wp\/v2\/media?parent=907"}],"curies":[{"name":"wp","href":"https:\/\/api.w.org\/{rel}","templated":true}]}}